{"id":829,"date":"2015-09-15T11:18:42","date_gmt":"2015-09-15T09:18:42","guid":{"rendered":"https:\/\/oejv-saarland.de\/?page_id=829"},"modified":"2023-03-14T10:20:57","modified_gmt":"2023-03-14T09:20:57","slug":"jagdzeiten","status":"publish","type":"page","link":"https:\/\/oejv-saarland.de\/?page_id=829","title":{"rendered":"Jagdzeiten"},"content":{"rendered":"<p><em>Alle Angaben ohne Gew\u00e4hr!<\/em><\/p>\n<table class=\"zebra\" width=\"600px\">\n<thead>\n<tr>\n<th>Tierart<\/th>\n<th><\/th>\n<th>Jagdzeit<\/th>\n<\/tr>\n<\/thead>\n<tbody>\n<tr>\n<td rowspan=\"4\">Rotwild<\/td>\n<td>K\u00e4lber<\/td>\n<td>01.08.-31.01.<\/td>\n<\/tr>\n<tr>\n<td>Schmalspie\u00dfer<\/td>\n<td>01.06.-31.01.<\/td>\n<\/tr>\n<tr>\n<td>Schmaltiere<\/td>\n<td>01.06.-31.01.<\/td>\n<\/tr>\n<tr>\n<td>Hirsche u. Alttiere<\/td>\n<td>01.08.-31.01.<\/td>\n<\/tr>\n<tr>\n<td rowspan=\"4\">Damwild<\/td>\n<td>K\u00e4lber<\/td>\n<td>01.08.-31.01.<\/td>\n<\/tr>\n<tr>\n<td>Schmalspie\u00dfer<\/td>\n<td>01.07.-31.01.<\/td>\n<\/tr>\n<tr>\n<td>Schmaltiere<\/td>\n<td>01.07.-31.01.<\/td>\n<\/tr>\n<tr>\n<td>Hirsche u. Alttiere<\/td>\n<td>01.08.-31.01.<\/td>\n<\/tr>\n<tr>\n<td rowspan=\"4\">Rehwild<\/td>\n<td>Kitze<\/td>\n<td>01.09.-31.01.<\/td>\n<\/tr>\n<tr>\n<td>Schmalrehe<\/td>\n<td>01.04.-15.05. u. 01.09.-31.01.<\/td>\n<\/tr>\n<tr>\n<td>Ricken<\/td>\n<td>01.09.-31.01.<\/td>\n<\/tr>\n<tr>\n<td>B\u00f6cke<\/td>\n<td>01.04.-31.01.<\/td>\n<\/tr>\n<tr>\n<td>Muffelwild<\/td>\n<td><\/td>\n<td>01.08.-31.01.<\/td>\n<\/tr>\n<tr>\n<td>Schwarzwild <sup>1) 2)<\/sup><\/td>\n<td><\/td>\n<td>ganzj\u00e4hrig<\/td>\n<\/tr>\n<tr>\n<td>Feldhasen<\/td>\n<td><\/td>\n<td>01.10.-31.12.<\/td>\n<\/tr>\n<tr>\n<td>Wildkaninchen <sup>2)<\/sup><\/td>\n<td><\/td>\n<td>ganzj\u00e4hrig<\/td>\n<\/tr>\n<tr>\n<td>F\u00fcchse<\/td>\n<td><\/td>\n<td>01.07.-28.02.<\/td>\n<\/tr>\n<tr>\n<td>Stein- und Baummarder<\/td>\n<td><\/td>\n<td>16.10.-28.02.<\/td>\n<\/tr>\n<tr>\n<td>Minke<\/td>\n<td><\/td>\n<td>01.07.-28.02.<\/td>\n<\/tr>\n<tr>\n<td>Marderhunde<\/td>\n<td><\/td>\n<td>01.07.-28.02.<\/td>\n<\/tr>\n<tr>\n<td>Waschb\u00e4ren<\/td>\n<td><\/td>\n<td>01.09.-28.02.<\/td>\n<\/tr>\n<tr>\n<td>Iltisse<\/td>\n<td><\/td>\n<td>ganzj\u00e4hrig geschont<\/td>\n<\/tr>\n<tr>\n<td>Hermeline<\/td>\n<td><\/td>\n<td>16.10.-28.02.<\/td>\n<\/tr>\n<tr>\n<td>Mauswiesel<\/td>\n<td><\/td>\n<td>ganzj\u00e4hrig geschont<\/td>\n<\/tr>\n<tr>\n<td>Dachse<\/td>\n<td><\/td>\n<td>01.08.-31.01.<\/td>\n<\/tr>\n<tr>\n<td>Nutrias <sup>2)<\/sup><\/td>\n<td><\/td>\n<td>ganzj\u00e4hrig<\/td>\n<\/tr>\n<tr>\n<td>Rebh\u00fchner<\/td>\n<td><\/td>\n<td>01.09.-15.12.<\/td>\n<\/tr>\n<tr>\n<td>Fasanen<\/td>\n<td><\/td>\n<td>01.10.-15.01.<\/td>\n<\/tr>\n<tr>\n<td>Ringeltauben<\/td>\n<td><\/td>\n<td>01.09.-20.02.<\/td>\n<\/tr>\n<tr>\n<td>T\u00fcrkentauben<\/td>\n<td><\/td>\n<td>ganzj\u00e4hrig geschont<\/td>\n<\/tr>\n<tr>\n<td>Saatg\u00e4nse<\/td>\n<td><\/td>\n<td>01.11.-15.01.<\/td>\n<\/tr>\n<tr>\n<td>Nil-, Kanada- und Streifeng\u00e4nse<\/td>\n<td><\/td>\n<td>01.08.-15.01.<\/td>\n<\/tr>\n<tr>\n<td>Graug\u00e4nse<\/td>\n<td><\/td>\n<td>01.08.-31.08. + 01.11.-15.01.<\/td>\n<\/tr>\n<tr>\n<td>Stockenten<\/td>\n<td><\/td>\n<td>01.09.-15.01.<\/td>\n<\/tr>\n<tr>\n<td>\u00dcbrige Wildenten<\/td>\n<td><\/td>\n<td>ganzj\u00e4hrig geschont<\/td>\n<\/tr>\n<tr>\n<td>Graureiher<\/td>\n<td><\/td>\n<td>ganzj\u00e4hrig geschont<\/td>\n<\/tr>\n<tr>\n<td>Waldschnepfen<\/td>\n<td><\/td>\n<td>16.10.-15.01.<\/td>\n<\/tr>\n<tr>\n<td>Bl\u00e4ssh\u00fchner<\/td>\n<td><\/td>\n<td>ganzj\u00e4hrig geschont<\/td>\n<\/tr>\n<tr>\n<td>Wachteln<\/td>\n<td><\/td>\n<td>ganzj\u00e4hrig geschont<\/td>\n<\/tr>\n<tr>\n<td>Habichte<\/td>\n<td><\/td>\n<td>ganzj\u00e4hrig geschont<\/td>\n<\/tr>\n<\/tbody>\n<\/table>\n<p><strong><sup>1)<\/sup> Das Verbot der Treibjagd auf Schwarzwild gilt in der Zeit vom 01. Februar bis 30. Juni.<\/strong><\/p>\n<p><strong><sup>2)<\/sup> Allgemeine Jagd- und Schonzeitvorschriften nach dem Bundesjagdgesetz vom 29.09.1976 (BGBl. S. 2849):<\/strong><br \/>\n\u00a7 22 a Verhinderung von vermeidbaren Schmerzen oder Leiden des Wildes<br \/>\n(1) Um krankgeschossenes Wild vor vermeidbaren Schmerzen oder Leiden zu bewahren, ist dieses unverz\u00fcglich zu erlegen; das gleiche gilt f\u00fcr schwerkrankes Wild, es sei denn, dass es gen\u00fcgt und m\u00f6glich ist, es zu fangen und zu versorgen.<br \/>\n\u00a7 22 Jagd- und Schonzeiten<br \/>\n(4) In den Setz- und Brutzeiten d\u00fcrfen bis zum Selbst\u00e4ndigwerden der Jungtiere die f\u00fcr die Aufzucht notwendigen Elterntiere, auch die von Wild ohne Schonzeit, nicht bejagt werden<\/p>\n","protected":false},"excerpt":{"rendered":"<p>Alle Angaben ohne Gew\u00e4hr! Tierart Jagdzeit Rotwild K\u00e4lber 01.08.-31.01. Schmalspie\u00dfer 01.06.-31.01. Schmaltiere 01.06.-31.01. Hirsche u. Alttiere 01.08.-31.01. Damwild K\u00e4lber 01.08.-31.01. Schmalspie\u00dfer 01.07.-31.01. Schmaltiere 01.07.-31.01. Hirsche u. Alttiere 01.08.-31.01. Rehwild Kitze 01.09.-31.01. Schmalrehe 01.04.-15.05. u. 01.09.-31.01. Ricken 01.09.-31.01. B\u00f6cke 01.04.-31.01. Muffelwild 01.08.-31.01. Schwarzwild 1) 2) ganzj\u00e4hrig Feldhasen 01.10.-31.12. Wildkaninchen 2) ganzj\u00e4hrig F\u00fcchse 01.07.-28.02. Stein- und Baummarder [&hellip;]<\/p>\n","protected":false},"author":2,"featured_media":0,"parent":0,"menu_order":0,"comment_status":"closed","ping_status":"closed","template":"","meta":[],"_links":{"self":[{"href":"https:\/\/oejv-saarland.de\/index.php?rest_route=\/wp\/v2\/pages\/829"}],"collection":[{"href":"https:\/\/oejv-saarland.de\/index.php?rest_route=\/wp\/v2\/pages"}],"about":[{"href":"https:\/\/oejv-saarland.de\/index.php?rest_route=\/wp\/v2\/types\/page"}],"author":[{"embeddable":true,"href":"https:\/\/oejv-saarland.de\/index.php?rest_route=\/wp\/v2\/users\/2"}],"replies":[{"embeddable":true,"href":"https:\/\/oejv-saarland.de\/index.php?rest_route=%2Fwp%2Fv2%2Fcomments&post=829"}],"version-history":[{"count":17,"href":"https:\/\/oejv-saarland.de\/index.php?rest_route=\/wp\/v2\/pages\/829\/revisions"}],"predecessor-version":[{"id":1659,"href":"https:\/\/oejv-saarland.de\/index.php?rest_route=\/wp\/v2\/pages\/829\/revisions\/1659"}],"wp:attachment":[{"href":"https:\/\/oejv-saarland.de\/index.php?rest_route=%2Fwp%2Fv2%2Fmedia&parent=829"}],"curies":[{"name":"wp","href":"https:\/\/api.w.org\/{rel}","templated":true}]}}